{"id":14817,"date":"2024-03-26T18:10:30","date_gmt":"2024-03-26T17:10:30","guid":{"rendered":"https:\/\/brokermet.com\/?page_id=14817"},"modified":"2024-03-26T18:10:30","modified_gmt":"2024-03-26T17:10:30","slug":"aviso-legal","status":"publish","type":"page","link":"https:\/\/brokermet.com\/en\/aviso-legal\/","title":{"rendered":"Legal Notice"},"content":{"rendered":"<h2 class=\"wp-block-heading\">AVISO LEGAL LSSI \u2013 CE<\/h2><p><span style=\"font-weight: 400;\">En cumplimiento de la Ley 34\/2002, de 11 de julio, de Servicios de la Sociedad de la Informaci\u00f3n y de Comercio Electr\u00f3nico (LSSI-CE), la entidad Raz\u00f3n Social le informa que es titular del sitio web. De acuerdo con la exigencia del art\u00edculo 10 de la citada Ley, informa de los siguientes datos:<\/span><\/p>\n<p><span style=\"font-weight: 400;\">El titular de este sitio web es: BROKERMET, S.L.<\/span><\/p>\n<p><span style=\"font-weight: 400;\">NIF: B81665622<\/span><\/p>\n<p><span style=\"font-weight: 400;\">Domicilio social: C\/ SAN BERNANRDO, 82 28015 MADRID<\/span><\/p><h2 class=\"wp-block-heading\">USUARIOS<\/h2><p><span style=\"font-weight: 400;\">El acceso y\/o uso de este portal le atribuye la condici\u00f3n de USUARIO, que acepta, desde dicho acceso y\/o uso, las Condiciones Generales de Uso aqu\u00ed reflejadas. Las citadas Condiciones ser\u00e1n de aplicaci\u00f3n independientemente de las Condiciones Generales de Contrataci\u00f3n que en su caso resulten de obligado cumplimiento.<\/span><\/p><h2 class=\"wp-block-heading\">USO DEL PORTAL<\/h2><p><span style=\"font-weight: 400;\">La p\u00e1gina web proporciona el acceso a multitud de informaciones, servicios, programas o datos (en adelante, \u201clos contenidos\u201d) en Internet pertenecientes a BROKERMET, S.L. o a sus licenciantes a los que el USUARIO pueda tener acceso. El USUARIO asume la responsabilidad del uso del portal. Dicha responsabilidad se extiende al registro que fuese necesario para acceder a determinados servicios o contenidos.<\/span><\/p>\n<p><span style=\"font-weight: 400;\">En dicho registro el USUARIO ser\u00e1 responsable de aportar informaci\u00f3n veraz y l\u00edcita. Como consecuencia de este registro, al USUARIO se le puede proporcionar una contrase\u00f1a de la que ser\u00e1 responsable, comprometi\u00e9ndose a hacer un uso diligente y confidencial de la misma. El USUARIO se compromete a hacer un uso adecuado de los contenidos y servicios que BROKERMET, S.L. ofrece a trav\u00e9s de su portal y con car\u00e1cter enunciativo pero no limitativo, a no emplearlos para:<\/span><\/p>\n<p style=\"padding-left: 40px;\"><span style=\"font-weight: 400;\">(i) incurrir en actividades il\u00edcitas, ilegales o contrarias a la buena fe y al orden p\u00fablico<\/span><\/p>\n<p style=\"padding-left: 40px;\"><span style=\"font-weight: 400;\">(ii) difundir contenidos o propaganda de car\u00e1cter racista, xen\u00f3fobo, pornogr\u00e1fico-ilegal, de apolog\u00eda del terrorismo o atentatorio contra los derechos humanos<\/span><\/p>\n<p style=\"padding-left: 40px;\"><span style=\"font-weight: 400;\">(iii) provocar da\u00f1os en los sistemas f\u00edsicos y l\u00f3gicos de BROKERMET, S.L., de sus proveedores o de terceras personas, introducir o difundir en la red virus inform\u00e1ticos o cualesquiera otros sistemas f\u00edsicos o l\u00f3gicos que sean susceptibles de provocar los da\u00f1os anteriormente mencionados;<\/span><\/p>\n<p style=\"padding-left: 40px;\"><span style=\"font-weight: 400;\">(iv) intentar acceder y, en su caso, utilizar las cuentas de correo electr\u00f3nico de otros usuarios y modificar manipular sus mensajes. BROKERMET, S.L. se reserva el derecho de retirar todos aquellos comentarios y aportaciones que vulneren el respeto a la dignidad de la persona, que sean discriminatorios, xen\u00f3fobos, racistas, pornogr\u00e1ficos, que atenten contra la juventud o la infancia, el orden o la seguridad p\u00fablica o que, a su juicio, no resultaran adecuados para su publicaci\u00f3n. En cualquier caso, BROKERMET, S.L. no ser\u00e1 responsable de las opiniones vertidas por los usuarios a trav\u00e9s de los foros, chats, u otras herramientas de participaci\u00f3n.<\/span><\/p>","protected":false},"excerpt":{"rendered":"<p>AVISO LEGAL LSSI \u2013 CE En cumplimiento de la Ley 34\/2002, de 11 de julio, de Servicios de la Sociedad de la Informaci\u00f3n y de Comercio Electr\u00f3nico (LSSI-CE), la entidad Raz\u00f3n Social le informa que es titular del sitio web. De acuerdo con la exigencia del art\u00edculo 10 de la citada Ley, informa de los [&hellip;]<\/p>","protected":false},"author":1,"featured_media":0,"parent":0,"menu_order":0,"comment_status":"closed","ping_status":"open","template":"","meta":{"footnotes":""},"class_list":["post-14817","page","type-page","status-publish","hentry"],"_links":{"self":[{"href":"https:\/\/brokermet.com\/en\/wp-json\/wp\/v2\/pages\/14817","targetHints":{"allow":["GET"]}}],"collection":[{"href":"https:\/\/brokermet.com\/en\/wp-json\/wp\/v2\/pages"}],"about":[{"href":"https:\/\/brokermet.com\/en\/wp-json\/wp\/v2\/types\/page"}],"author":[{"embeddable":true,"href":"https:\/\/brokermet.com\/en\/wp-json\/wp\/v2\/users\/1"}],"replies":[{"embeddable":true,"href":"https:\/\/brokermet.com\/en\/wp-json\/wp\/v2\/comments?post=14817"}],"version-history":[{"count":0,"href":"https:\/\/brokermet.com\/en\/wp-json\/wp\/v2\/pages\/14817\/revisions"}],"wp:attachment":[{"href":"https:\/\/brokermet.com\/en\/wp-json\/wp\/v2\/media?parent=14817"}],"curies":[{"name":"wp","href":"https:\/\/api.w.org\/{rel}","templated":true}]}}