{"id":14273,"date":"2021-11-09T15:43:21","date_gmt":"2021-11-09T15:43:21","guid":{"rendered":"https:\/\/demo.casethemes.net\/industo\/?page_id=216"},"modified":"2024-11-04T14:34:48","modified_gmt":"2024-11-04T13:34:48","slug":"productos-y-servicios","status":"publish","type":"page","link":"https:\/\/brokermet.com\/en\/productos-y-servicios\/","title":{"rendered":"Prods and Services"},"content":{"rendered":"<div data-elementor-type=\"wp-page\" data-elementor-id=\"14273\" class=\"elementor elementor-14273\">\n\t\t\t\t        <section class=\"elementor-section elementor-top-section elementor-element elementor-element-cc9d40f elementor-section-boxed elementor-section-height-default elementor-section-height-default ct-header-fixed-none ct-column-none ct-row-scroll-none ct-row-gradient--none ct-row-container--default\" data-id=\"cc9d40f\" data-element_type=\"section\">\n            \n                        <div class=\"elementor-container elementor-column-gap-extended\">\n                    <div class=\"elementor-column elementor-col-100 elementor-top-column elementor-element elementor-element-587bcb6 ct-column-none col-offset-none\" data-id=\"587bcb6\" data-element_type=\"column\">\n        <div class=\"elementor-widget-wrap elementor-element-populated\">\n                    \n        \t\t<div class=\"elementor-element elementor-element-4b8300f elementor-widget elementor-widget-ct_service_grid\" data-id=\"4b8300f\" data-element_type=\"widget\" data-widget_type=\"ct_service_grid.default\">\n\t\t\t\t<div class=\"elementor-widget-container\">\n\t\t\t\n<div id=\"ct_service_grid-4b8300f\" class=\"ct-grid ct-service-grid2\" data-layout=\"masonry\" data-start-page=\"1\" data-max-pages=\"1\" data-total=\"3\" data-perpage=\"8\" data-next-link=\"\">\n    \n    <div class=\"ct-grid-inner ct-grid-masonry row animate-time\" data-gutter=\"15\">\n                            <div class=\"grid-item col-xl-4 col-lg-4 col-md-6 col-sm-6 col-12 productos-y-servicios\">\n                        <div class=\"grid-item-inner\" data-wow-duration=\"1.2s\"> \n                            <div class=\"item--featured\" style=\"background-image: url(https:\/\/brokermet.com\/wp-content\/uploads\/2024\/03\/categorias_ferroaleaciones.jpeg);\"><\/div>\n                            <div class=\"item--body\">\n                                                                    <span class=\"item-number item-number1\">01<\/span>    \n                                                                                                    <div class=\"item--icon\"><i class=\"flaticon-gear\"><\/i><\/div>\n                                                                                                                                    <h3 class=\"item--title\">\n                                        <a href=\"https:\/\/brokermet.com\/en\/productos-servicios\/ferroaleaciones\/\">\n                                            Ferroalloys                                        <\/a>\n                                    <\/h3>\n                                                                                                        <div class=\"item--content\">\n                                            Our primary key activity is currently the sale of a wide variety of ferroalloys intended for both the steel industry and the foundry sector.                                        <\/div>\n                                                                                                        <div class=\"item-readmore\">\n                                        <a class=\"btn-readmore\" href=\"https:\/\/brokermet.com\/en\/productos-servicios\/ferroaleaciones\/\"><i class=\"caseicon-long-arrow-right-three\"><\/i><\/a>\n                                        <a class=\"btn-holder\" href=\"https:\/\/brokermet.com\/en\/productos-servicios\/ferroaleaciones\/\">Ver m\u00e1s<i class=\"caseicon-long-arrow-right-three\"><\/i><\/a>\n                                    <\/div>\n                                                            <\/div>\n                        <\/div>\n                    <\/div>\n                                    <div class=\"grid-item col-xl-4 col-lg-4 col-md-6 col-sm-6 col-12 productos-y-servicios\">\n                        <div class=\"grid-item-inner\" data-wow-duration=\"1.2s\"> \n                            <div class=\"item--featured\" style=\"background-image: url(https:\/\/brokermet.com\/wp-content\/uploads\/2024\/03\/categorias_metales-.jpeg);\"><\/div>\n                            <div class=\"item--body\">\n                                                                    <span class=\"item-number item-number1\">02<\/span>    \n                                                                                                    <div class=\"item--icon\"><i class=\"flaticon-eco-factory\"><\/i><\/div>\n                                                                                                                                    <h3 class=\"item--title\">\n                                        <a href=\"https:\/\/brokermet.com\/en\/productos-servicios\/metales\/\">\n                                            Metals                                        <\/a>\n                                    <\/h3>\n                                                                                                        <div class=\"item--content\">\n                                            Brokermet also focuses on the purchase and sale of non-ferrous metals such as aluminum, manganese, molybdenum, magnesium, silicon, and nickel, offering various possibilities of these.                                        <\/div>\n                                                                                                        <div class=\"item-readmore\">\n                                        <a class=\"btn-readmore\" href=\"https:\/\/brokermet.com\/en\/productos-servicios\/metales\/\"><i class=\"caseicon-long-arrow-right-three\"><\/i><\/a>\n                                        <a class=\"btn-holder\" href=\"https:\/\/brokermet.com\/en\/productos-servicios\/metales\/\">Ver m\u00e1s<i class=\"caseicon-long-arrow-right-three\"><\/i><\/a>\n                                    <\/div>\n                                                            <\/div>\n                        <\/div>\n                    <\/div>\n                                    <div class=\"grid-item col-xl-4 col-lg-4 col-md-6 col-sm-6 col-12 productos-y-servicios\">\n                        <div class=\"grid-item-inner\" data-wow-duration=\"1.2s\"> \n                            <div class=\"item--featured\" style=\"background-image: url(https:\/\/brokermet.com\/wp-content\/uploads\/2024\/03\/categorias_prod_quimicos.jpeg);\"><\/div>\n                            <div class=\"item--body\">\n                                                                    <span class=\"item-number item-number1\">03<\/span>    \n                                                                                                    <div class=\"item--icon\"><i class=\"flaticon-flask\"><\/i><\/div>\n                                                                                                                                    <h3 class=\"item--title\">\n                                        <a href=\"https:\/\/brokermet.com\/en\/productos-servicios\/productos-quimicos\/\">\n                                            Chemical Products                                        <\/a>\n                                    <\/h3>\n                                                                                                        <div class=\"item--content\">\n                                            Brokermet completes its extensive catalogue with a series of chemical products for various applications, especially for surface treatment.                                        <\/div>\n                                                                                                        <div class=\"item-readmore\">\n                                        <a class=\"btn-readmore\" href=\"https:\/\/brokermet.com\/en\/productos-servicios\/productos-quimicos\/\"><i class=\"caseicon-long-arrow-right-three\"><\/i><\/a>\n                                        <a class=\"btn-holder\" href=\"https:\/\/brokermet.com\/en\/productos-servicios\/productos-quimicos\/\">Ver m\u00e1s<i class=\"caseicon-long-arrow-right-three\"><\/i><\/a>\n                                    <\/div>\n                                                            <\/div>\n                        <\/div>\n                    <\/div>\n                                    <div class=\"grid-sizer col-xl-4 col-lg-4 col-md-6 col-sm-6 col-12\"><\/div>\n            <\/div>\n        <\/div>\t\t<\/div>\n\t\t\t\t<\/div>\n\t\t            <\/div>\n        <\/div>\n                    <\/div>\n        <\/section>\n                <section class=\"elementor-section elementor-top-section elementor-element elementor-element-e63aa1f elementor-section-stretched elementor-section-boxed elementor-section-height-default elementor-section-height-default ct-header-fixed-none ct-column-none ct-row-scroll-none ct-row-gradient--none ct-row-container--default\" data-id=\"e63aa1f\" data-element_type=\"section\" data-settings=\"{&quot;stretch_section&quot;:&quot;section-stretched&quot;,&quot;background_background&quot;:&quot;classic&quot;}\">\n            \n                        <div class=\"elementor-container elementor-column-gap-extended\">\n                    <div class=\"elementor-column elementor-col-100 elementor-top-column elementor-element elementor-element-36f4f2b ct-column-none col-offset-none\" data-id=\"36f4f2b\" data-element_type=\"column\">\n        <div class=\"elementor-widget-wrap elementor-element-populated\">\n                    \n        \t\t<div class=\"elementor-element elementor-element-4548ff1 elementor-widget elementor-widget-ct_banner_poster\" data-id=\"4548ff1\" data-element_type=\"widget\" data-widget_type=\"ct_banner_poster.default\">\n\t\t\t\t<div class=\"elementor-widget-container\">\n\t\t\t\t<div class=\"ct-banner-poster layout1\" data-wow-delay=\"ms\">\n\t\t<div class=\"ct-banner-inner\">\n            <div class=\"ct-circle circle1 bounce-2\"><\/div>\n            <div class=\"ct-circle circle2\"><\/div>\n\t\t\t<div class=\"ct-bg-image\" style=\"background-image: url(https:\/\/brokermet.com\/wp-content\/uploads\/2021\/11\/bg-banner-poster.jpg);\"><\/div>\n            <div class=\"box-content\">\n                <h4 class=\"ct--title\">\n                    Contact us for more information                <\/h4>\n                <div class=\"list-meta\">\n                                            <div class=\"item-box\">\n                            <a href=\"\/en\/contacto\/\" target=\"_blank\" class=\"btn btn-primary\">\n                                Write to us                            <\/a>\n                        <\/div>\n                                                            <div class=\"item-box\">\n                        <label>Call us<\/label>\n                        <a class=\"btn-phone\" href=\"tel:( 34) 91 444 46 20\">\n                            (+34) 91 444 46 20                        <\/a>\n                    <\/div>\n                <\/div>\n            <\/div>\n            \t\t<\/div>\n\t<\/div>\n\t\t<\/div>\n\t\t\t\t<\/div>\n\t\t        <section class=\"elementor-section elementor-inner-section elementor-element elementor-element-fdd68a0 elementor-section-content-middle elementor-section-boxed elementor-section-height-default elementor-section-height-default ct-header-fixed-none ct-column-none ct-row-scroll-none ct-row-gradient--none ct-row-container--default\" data-id=\"fdd68a0\" data-element_type=\"section\">\n            \n                        <div class=\"elementor-container elementor-column-gap-extended\">\n                    <div class=\"elementor-column elementor-col-50 elementor-inner-column elementor-element elementor-element-c9b0ddb ct-column-none col-offset-none\" data-id=\"c9b0ddb\" data-element_type=\"column\">\n        <div class=\"elementor-widget-wrap elementor-element-populated\">\n                    \n        \t\t<div class=\"elementor-element elementor-element-ae56084 elementor-widget elementor-widget-ct_heading\" data-id=\"ae56084\" data-element_type=\"widget\" data-widget_type=\"ct_heading.default\">\n\t\t\t\t<div class=\"elementor-widget-container\">\n\t\t\t<div id=\"ct_heading-ae56084\" class=\"ct-heading h-align-left item-st-default\">\n    <div class=\"heading-wrapper\">\n        <div class=\"inner-heading\">\n                          \t            \t\t<div class=\"item--sub-title no-image-bg\">\n                                                <span>\n                            How we work                        <\/span>\n                    <\/div>\n            \t                <h3 class=\"item--title case-animate-time st-default\" data-wow-delay=\"ms\">\n                    <span class=\"slide-in-container\"><span class=\"d-inline-block wow case-fade-in-up\">Process<\/span><\/span> <span class=\"slide-in-container\"><span class=\"d-inline-block wow case-fade-in-up\">of<\/span><\/span> <span class=\"slide-in-container\"><span class=\"d-inline-block wow case-fade-in-up\">job<\/span><\/span>                <\/h3>\n        <\/div>\n    <\/div>\n<\/div>\n\t\t<\/div>\n\t\t\t\t<\/div>\n\t\t\t\t<div class=\"elementor-element elementor-element-59c908b elementor-widget elementor-widget-ct_process\" data-id=\"59c908b\" data-element_type=\"widget\" data-widget_type=\"ct_process.default\">\n\t\t\t\t<div class=\"elementor-widget-container\">\n\t\t\t    <div class=\"ct-process\">\n                    <div class=\"ct-process-item wow fadeInUp\">\n                                    <div class=\"ct--number\">\n                        <span>01<\/span>        \n                    <\/div>\n                            \t<div class=\"ct--content\">\n                    <h4 class=\"entry--title\">Immediate delivery<\/h4>\n\t            \t<div class=\"entry--excerpt\">\n                        We can provide deliveries within 24\/48 hours and we have the ability to find and supply special products that perfectly fit the customer's needs.      \n                    <\/div>  \n\t            <\/div>\n           <\/div>\n                    <div class=\"ct-process-item wow fadeInUp\">\n                                    <div class=\"ct--number\">\n                        <span>02<\/span>        \n                    <\/div>\n                            \t<div class=\"ct--content\">\n                    <h4 class=\"entry--title\">Product adapted to customer needs<\/h4>\n\t            \t<div class=\"entry--excerpt\">\n                        Thanks to the strong relationship we have with our suppliers, we can ensure finding and supplying special products that perfectly adapt to the client's needs.      \n                    <\/div>  \n\t            <\/div>\n           <\/div>\n                    <div class=\"ct-process-item wow fadeInUp\">\n                                    <div class=\"ct--number\">\n                        <span>03<\/span>        \n                    <\/div>\n                            \t<div class=\"ct--content\">\n                    <h4 class=\"entry--title\">Spot and long-term sales<\/h4>\n\t            \t<div class=\"entry--excerpt\">\n                        Spot selling involves selling a product at a price based on the current market price, with immediate delivery. We also offer the possibility of setting a price at the moment with different delivery dates throughout a year.      \n                    <\/div>  \n\t            <\/div>\n           <\/div>\n                    <div class=\"ct-process-item wow fadeInUp\">\n                                    <div class=\"ct--number\">\n                        <span>04<\/span>        \n                    <\/div>\n                            \t<div class=\"ct--content\">\n                    <h4 class=\"entry--title\">Flexibility in payment terms<\/h4>\n\t            \t<div class=\"entry--excerpt\">\n                        We seek a professional and trusting relationship with our clients. Therefore, we are flexible and adapt to different payment conditions, offering 30, 60 and even 90 days to our clients.      \n                    <\/div>  \n\t            <\/div>\n           <\/div>\n            <\/div>\n\t\t<\/div>\n\t\t\t\t<\/div>\n\t\t            <\/div>\n        <\/div>\n                <div class=\"elementor-column elementor-col-50 elementor-inner-column elementor-element elementor-element-8f4ff97 ct-column-none col-offset-none\" data-id=\"8f4ff97\" data-element_type=\"column\">\n        <div class=\"elementor-widget-wrap elementor-element-populated\">\n                    \n        \t\t<div class=\"elementor-element elementor-element-e0428a5 elementor-widget elementor-widget-ct_banner\" data-id=\"e0428a5\" data-element_type=\"widget\" data-widget_type=\"ct_banner.default\">\n\t\t\t\t<div class=\"elementor-widget-container\">\n\t\t\t\t<div class=\"ct-banner layout1\" data-wow-delay=\"ms\">\n\t\t<div class=\"ct-banner-inner\">\n\t\t\t<div class=\"ct-banner-image\">\n\t\t\t\t<img fetchpriority=\"high\" decoding=\"async\" class=\"\" src=\"https:\/\/brokermet.com\/wp-content\/uploads\/2024\/04\/500x432-500x432.png\" width=\"500\" height=\"432\" alt=\"500x432\" title=\"500x432\" \/>\t\t\t<\/div>\n                            <div class=\"ct-image-small\">\n                    <div class=\"inner-image-small\">\n                        <img decoding=\"async\" class=\"\" src=\"https:\/\/brokermet.com\/wp-content\/uploads\/2024\/04\/270x220-2-270x220.png\" width=\"270\" height=\"220\" alt=\"270x220-2\" title=\"270x220-2\" \/>        \n                    <\/div>\n                <\/div>\n                                        <div class=\"ct-image-small2\">\n                    <div class=\"inner-image-small\">\n                        <img decoding=\"async\" class=\"\" src=\"https:\/\/brokermet.com\/wp-content\/uploads\/2024\/04\/320x220-320x220.png\" width=\"320\" height=\"220\" alt=\"320x220\" title=\"320x220\" \/>        \n                    <\/div>\n                <\/div>\n            \t\t<\/div>\n\t<\/div>\n\t\t<\/div>\n\t\t\t\t<\/div>\n\t\t            <\/div>\n        <\/div>\n                    <\/div>\n        <\/section>\n                    <\/div>\n        <\/div>\n                    <\/div>\n        <\/section>\n        \t\t<\/div>","protected":false},"excerpt":{"rendered":"<p>01 Ferroaleaciones Nuestra actividad principal actualmente es la venta de una extensa variedad de ferroaleaciones destinadas tanto a la siderurgia como al sector de fundici\u00f3n. Ver m\u00e1s 02 Metales Brokermet tambi\u00e9n se enfoca en la compra-venta de metales no f\u00e9rricos como el aluminio, manganeso, molibdeno, magnesio, silicio, y niquel, ofreciendo diversas presentaciones de los mismos. [&hellip;]<\/p>","protected":false},"author":1,"featured_media":0,"parent":0,"menu_order":0,"comment_status":"closed","ping_status":"closed","template":"","meta":{"footnotes":""},"class_list":["post-14273","page","type-page","status-publish","hentry"],"_links":{"self":[{"href":"https:\/\/brokermet.com\/en\/wp-json\/wp\/v2\/pages\/14273","targetHints":{"allow":["GET"]}}],"collection":[{"href":"https:\/\/brokermet.com\/en\/wp-json\/wp\/v2\/pages"}],"about":[{"href":"https:\/\/brokermet.com\/en\/wp-json\/wp\/v2\/types\/page"}],"author":[{"embeddable":true,"href":"https:\/\/brokermet.com\/en\/wp-json\/wp\/v2\/users\/1"}],"replies":[{"embeddable":true,"href":"https:\/\/brokermet.com\/en\/wp-json\/wp\/v2\/comments?post=14273"}],"version-history":[{"count":1,"href":"https:\/\/brokermet.com\/en\/wp-json\/wp\/v2\/pages\/14273\/revisions"}],"predecessor-version":[{"id":15018,"href":"https:\/\/brokermet.com\/en\/wp-json\/wp\/v2\/pages\/14273\/revisions\/15018"}],"wp:attachment":[{"href":"https:\/\/brokermet.com\/en\/wp-json\/wp\/v2\/media?parent=14273"}],"curies":[{"name":"wp","href":"https:\/\/api.w.org\/{rel}","templated":true}]}}